{"id":12,"date":"2022-12-03T19:13:36","date_gmt":"2022-12-03T18:13:36","guid":{"rendered":"http:\/\/petitschanteursfranciliens.fr\/index.php\/mesmerize\/"},"modified":"2023-06-03T17:26:32","modified_gmt":"2023-06-03T15:26:32","slug":"accueil","status":"publish","type":"page","link":"https:\/\/petitschanteursfranciliens.fr\/","title":{"rendered":"Accueil"},"content":{"rendered":"<div  id=\"overlappable-4\" style=\"background-color: #ffffff;\" data-label=\"Overlappable\" data-id=\"overlappable-4\" data-export-id=\"overlappable-4\" data-category=\"overlappable\" class=\"overlappable-4 content-section content-section-spacing\" data-overlap=\"true\"><div  class=\"gridContainer\"> <div  data-type=\"row\" class=\"row spaced-cols text-center\"><div  class=\"col-xs-12 col-sm-4 col-padding\"> <a data-cp-link=\"1\" href=\"https:\/\/petitschanteursfranciliens.fr?page_id=5\" target=\"_self\" rel=\"noopener\" class=\"\"><i  class=\"fa icon shadow-large-black aligncenter color1 fa-graduation-cap reverse round large\"><\/i><\/a> <div  data-type=\"column\" class=\"\"> <h5  class=\"\">Formation<\/h5> <p  class=\"\">La man\u00e9canterie allie formation musicale, humaine et spirituelle.<\/p><\/div> <\/div> <div  class=\"col-xs-12 col-sm-4 col-padding\"> <a data-cp-link=\"1\" href=\"https:\/\/petitschanteursfranciliens.fr?page_id=13\" target=\"_self\" rel=\"noopener\" class=\"\"><i  class=\"fa icon shadow-large-black aligncenter color1 fa-microphone reverse round large\"><\/i><\/a> <div  data-type=\"column\" class=\"\"><h5  class=\"\">Concerts<\/h5> <p  class=\"\">Une demi douzaine de concerts chaque ann\u00e9e.&nbsp;<\/p><\/div> <\/div> <div  class=\"col-xs-12 col-sm-4 col-padding\"> <i  class=\"fa icon shadow-large-black aligncenter color1 fa-magic reverse round large\"><\/i> <div  data-type=\"column\" class=\"\"><h5  class=\"\">Vie sociale et spirituelle<\/h5> <p  class=\"\">En compl\u00e9ment des r\u00e9p\u00e9titions h\u00e9bdomadaires, les chanteurs se retrouvent lors de stages et d\u2019un camp d\u2019\u00e9t\u00e9.&nbsp;<\/p><\/div> <\/div><\/div> <\/div><\/div><div  data-label=\"About\" data-id=\"about--2\" data-export-id=\"about-1\" data-category=\"about\" class=\"about-1 content-section\" id=\"about-3\" style=\"background-color: rgb(245, 250, 253);\"><div  class=\"gridContainer\"> <div  class=\"row text-center\"><div  class=\"section-title-col\" data-type=\"column\">  <h2  class=\"\">Bienvenue sur le site de la man\u00e9canterie<br >du Coll\u00e8ge Stanislas<\/h2><h3  class=\"\">(Petits chanteurs franciliens)<\/h3> <p  class=\"lead\"><br >Qui sommes nous?<br >Un ch\u0153ur d\u2019enfants cr\u00e9\u00e9 en 1945 et affili\u00e9 \u00e0 la F\u00e9d\u00e9ration Fran\u00e7aise des Petits Chanteurs (Pueri Cantores).<br ><br >Quarante gar\u00e7ons environ \u00e2g\u00e9s de 9 ans au moins et recrut\u00e9s au coll\u00e8ge Stanislas de Paris, aimant chanter et souhaitant b\u00e9n\u00e9ficier de la formation vocale, humaine et spirituelle propos\u00e9e par leur Man\u00e9canterie, \u00e0 l\u2019aide d\u2019une p\u00e9dagogie o\u00f9 l\u2019a\u00een\u00e9 \u00e9paule le plus jeune.<br ><br ><br >Direction : R\u00e9gis de La Roche.<\/p><\/div> <\/div> <div  class=\"row\"> <div  class=\"button-holder space-bottom space-bottom-small\" data-type=\"column\"> <\/div> <div  class=\"col-xs bottom-xs flexbox image-group-bottom-3-img space-bottom-xs center-xs\"> <img  decoding=\"async\" class=\"left-img shadow-large-black\" data-size=\"500x300\" src=\"http:\/\/petitschanteursfranciliens.fr\/wp-content\/uploads\/2022\/12\/cropped-cropped-Petits-Chanteurs-Franciliens_Retouche0.jpg\" title=\"cropped-cropped-Petits-Chanteurs-Franciliens_Retouche0.jpg\" alt=\"\"> <img  decoding=\"async\" class=\"center-img shadow-large-black\" data-size=\"500x300\" src=\"http:\/\/petitschanteursfranciliens.fr\/wp-content\/uploads\/2022\/12\/1620-1024x768-1.jpg\" title=\"1620-1024x768\" alt=\"\"> <img  decoding=\"async\" class=\"right-img shadow-large-black\" data-size=\"500x300\" src=\"http:\/\/petitschanteursfranciliens.fr\/wp-content\/uploads\/2022\/12\/950-1024x768-1.jpg\" title=\"950-1024x768\" alt=\"\"><\/div> <\/div><\/div> <\/div><div  id=\"latest-news-1\" style=\"background-color: rgb(255, 255, 255); background-image: none;\" data-label=\"Latest-news\" data-id=\"blog-section\" data-export-id=\"blog-section\" data-category=\"latest_news\" class=\"blog-section blog-section-standard content-section content-section-spacing\"><div  class=\"gridContainer\"> <div  class=\"row\"><div  data-type=\"column\" class=\"section-title-col\"> <h2  class=\"\">Derni\u00e8res actualit\u00e9s<\/h2> <\/div> <\/div> <div  class=\"row\"> <div  data-type=\"row\" data-dynamic-columns=\"handled\" data-content-shortcode=\"mesmerize_latest_news\">\t\t<div class=\"row center-sm content-left-sm\">\n\t\t\t\t\t<div id=\"post-184\" class=\"col-sm-6 col-md-4 space-bottom space-bottom-xs\">\n\t\t\t\t<div class=\"post-content card y-move bordered\">\n\t\t\t\t\t<div class=\"post-thumbnail\">\n   <a href=\"https:\/\/petitschanteursfranciliens.fr\/?p=184\" class=\"post-list-item-thumb \">\n      <img loading=\"lazy\" decoding=\"async\" width=\"1024\" height=\"882\" src=\"https:\/\/petitschanteursfranciliens.fr\/wp-content\/uploads\/2025\/07\/Rathaus_and_Marienplatz_from_Peterskirche_-_August_2006-1024x882.jpeg\" class=\"attachment-post-thumbnail size-post-thumbnail wp-post-image\" alt=\"\" srcset=\"https:\/\/petitschanteursfranciliens.fr\/wp-content\/uploads\/2025\/07\/Rathaus_and_Marienplatz_from_Peterskirche_-_August_2006-1024x882.jpeg 1024w, https:\/\/petitschanteursfranciliens.fr\/wp-content\/uploads\/2025\/07\/Rathaus_and_Marienplatz_from_Peterskirche_-_August_2006-300x259.jpeg 300w, https:\/\/petitschanteursfranciliens.fr\/wp-content\/uploads\/2025\/07\/Rathaus_and_Marienplatz_from_Peterskirche_-_August_2006-768x662.jpeg 768w, https:\/\/petitschanteursfranciliens.fr\/wp-content\/uploads\/2025\/07\/Rathaus_and_Marienplatz_from_Peterskirche_-_August_2006.jpeg 1200w\" sizes=\"auto, (max-width: 1024px) 100vw, 1024px\" \/>   <\/a>\n<\/div>\n\t\t\t\t\t<div class=\"col-padding col-padding-xs\">\n\t\t\t\t\t\t<h3 class=\"post-title space-bottom-small\">\n\t\t\t\t\t\t\t<a href=\"https:\/\/petitschanteursfranciliens.fr\/?p=184\" rel=\"bookmark\">\n\t\t\t\t\t\t\t\tProtected: Camp d&#8217;\u00e9t\u00e9 2025\t\t\t\t\t\t\t<\/a>\n\t\t\t\t\t\t<\/h3>\n\t\t\t\t\t\t<p>There is no excerpt because this is a protected post.<\/p>\n\t\t\t\t\t\t<a class=\"read-more link\" href=\"https:\/\/petitschanteursfranciliens.fr\/?p=184\">\n\t\t\t\t\t\t\tRead more\t\t\t\t\t\t<\/a>\n\t\t\t\t\t<\/div>\n\t\t\t\t<\/div>\n\t\t\t<\/div>\n\t\t\t\t\t\t<div id=\"post-162\" class=\"col-sm-6 col-md-4 space-bottom space-bottom-xs\">\n\t\t\t\t<div class=\"post-content card y-move bordered\">\n\t\t\t\t\t<div class=\"post-thumbnail\">\n   <a href=\"https:\/\/petitschanteursfranciliens.fr\/?p=162\" class=\"post-list-item-thumb \">\n      <img loading=\"lazy\" decoding=\"async\" width=\"605\" height=\"408\" src=\"https:\/\/petitschanteursfranciliens.fr\/wp-content\/uploads\/2024\/07\/Marienthal-Ansicht_des_Klosters_und_der_Kirche.jpg\" class=\"attachment-post-thumbnail size-post-thumbnail wp-post-image\" alt=\"\" srcset=\"https:\/\/petitschanteursfranciliens.fr\/wp-content\/uploads\/2024\/07\/Marienthal-Ansicht_des_Klosters_und_der_Kirche.jpg 605w, https:\/\/petitschanteursfranciliens.fr\/wp-content\/uploads\/2024\/07\/Marienthal-Ansicht_des_Klosters_und_der_Kirche-300x202.jpg 300w\" sizes=\"auto, (max-width: 605px) 100vw, 605px\" \/>   <\/a>\n<\/div>\n\t\t\t\t\t<div class=\"col-padding col-padding-xs\">\n\t\t\t\t\t\t<h3 class=\"post-title space-bottom-small\">\n\t\t\t\t\t\t\t<a href=\"https:\/\/petitschanteursfranciliens.fr\/?p=162\" rel=\"bookmark\">\n\t\t\t\t\t\t\t\tProtected: Camp d&#8217;\u00e9t\u00e9 2024\t\t\t\t\t\t\t<\/a>\n\t\t\t\t\t\t<\/h3>\n\t\t\t\t\t\t<p>There is no excerpt because this is a protected post.<\/p>\n\t\t\t\t\t\t<a class=\"read-more link\" href=\"https:\/\/petitschanteursfranciliens.fr\/?p=162\">\n\t\t\t\t\t\t\tRead more\t\t\t\t\t\t<\/a>\n\t\t\t\t\t<\/div>\n\t\t\t\t<\/div>\n\t\t\t<\/div>\n\t\t\t\t\t\t<div id=\"post-137\" class=\"col-sm-6 col-md-4 space-bottom space-bottom-xs\">\n\t\t\t\t<div class=\"post-content card y-move bordered\">\n\t\t\t\t\t<div class=\"post-thumbnail\">\n   <a href=\"https:\/\/petitschanteursfranciliens.fr\/?p=137\" class=\"post-list-item-thumb \">\n      <img loading=\"lazy\" decoding=\"async\" width=\"455\" height=\"289\" src=\"https:\/\/petitschanteursfranciliens.fr\/wp-content\/uploads\/2023\/06\/abondance-vache.jpg\" class=\"attachment-post-thumbnail size-post-thumbnail wp-post-image\" alt=\"\" srcset=\"https:\/\/petitschanteursfranciliens.fr\/wp-content\/uploads\/2023\/06\/abondance-vache.jpg 455w, https:\/\/petitschanteursfranciliens.fr\/wp-content\/uploads\/2023\/06\/abondance-vache-300x191.jpg 300w\" sizes=\"auto, (max-width: 455px) 100vw, 455px\" \/>   <\/a>\n<\/div>\n\t\t\t\t\t<div class=\"col-padding col-padding-xs\">\n\t\t\t\t\t\t<h3 class=\"post-title space-bottom-small\">\n\t\t\t\t\t\t\t<a href=\"https:\/\/petitschanteursfranciliens.fr\/?p=137\" rel=\"bookmark\">\n\t\t\t\t\t\t\t\tProtected: Camp d&#8217;\u00e9t\u00e9 2023\t\t\t\t\t\t\t<\/a>\n\t\t\t\t\t\t<\/h3>\n\t\t\t\t\t\t<p>There is no excerpt because this is a protected post.<\/p>\n\t\t\t\t\t\t<a class=\"read-more link\" href=\"https:\/\/petitschanteursfranciliens.fr\/?p=137\">\n\t\t\t\t\t\t\tRead more\t\t\t\t\t\t<\/a>\n\t\t\t\t\t<\/div>\n\t\t\t\t<\/div>\n\t\t\t<\/div>\n\t\t\t\t<\/div>\n\t<\/div><\/div> <div  class=\"row\"><div  class=\"text-center\"> <a  class=\"button color1\" data-attr-shortcode=\"href:mesmerize_blog_link\" href=\"https:\/\/petitschanteursfranciliens.fr\/?page_id=13\">Voir toutes les nouvelles<\/a><\/div> <\/div><\/div><\/div>","protected":false},"excerpt":{"rendered":"<p>Formation La man\u00e9canterie allie formation musicale, humaine et spirituelle. Concerts Une demi douzaine de concerts chaque ann\u00e9e.&nbsp; Vie sociale et spirituelle En compl\u00e9ment des r\u00e9p\u00e9titions h\u00e9bdomadaires, les chanteurs se retrouvent lors de stages et d\u2019un camp d\u2019\u00e9t\u00e9.&nbsp; Bienvenue sur le site de la man\u00e9canteriedu Coll\u00e8ge Stanislas(Petits chanteurs franciliens) Qui sommes nous?Un ch\u0153ur d\u2019enfants cr\u00e9\u00e9 en&hellip; <br \/> <a class=\"read-more\" href=\"https:\/\/petitschanteursfranciliens.fr\/?p=137\">Read more<\/a><\/p>\n","protected":false},"author":1,"featured_media":0,"parent":0,"menu_order":0,"comment_status":"closed","ping_status":"closed","template":"page-templates\/homepage.php","meta":{"footnotes":""},"class_list":["post-12","page","type-page","status-publish","hentry"],"_links":{"self":[{"href":"https:\/\/petitschanteursfranciliens.fr\/index.php?rest_route=\/wp\/v2\/pages\/12","targetHints":{"allow":["GET"]}}],"collection":[{"href":"https:\/\/petitschanteursfranciliens.fr\/index.php?rest_route=\/wp\/v2\/pages"}],"about":[{"href":"https:\/\/petitschanteursfranciliens.fr\/index.php?rest_route=\/wp\/v2\/types\/page"}],"author":[{"embeddable":true,"href":"https:\/\/petitschanteursfranciliens.fr\/index.php?rest_route=\/wp\/v2\/users\/1"}],"replies":[{"embeddable":true,"href":"https:\/\/petitschanteursfranciliens.fr\/index.php?rest_route=%2Fwp%2Fv2%2Fcomments&post=12"}],"version-history":[{"count":14,"href":"https:\/\/petitschanteursfranciliens.fr\/index.php?rest_route=\/wp\/v2\/pages\/12\/revisions"}],"predecessor-version":[{"id":132,"href":"https:\/\/petitschanteursfranciliens.fr\/index.php?rest_route=\/wp\/v2\/pages\/12\/revisions\/132"}],"wp:attachment":[{"href":"https:\/\/petitschanteursfranciliens.fr\/index.php?rest_route=%2Fwp%2Fv2%2Fmedia&parent=12"}],"curies":[{"name":"wp","href":"https:\/\/api.w.org\/{rel}","templated":true}]}}