{"id":2,"date":"2022-12-03T17:23:34","date_gmt":"2022-12-03T16:23:34","guid":{"rendered":"http:\/\/petitschanteursfranciliens.fr\/?page_id=2"},"modified":"2022-12-04T18:40:55","modified_gmt":"2022-12-04T17:40:55","slug":"page-d-exemple","status":"publish","type":"page","link":"https:\/\/petitschanteursfranciliens.fr\/?page_id=2","title":{"rendered":"Historique"},"content":{"rendered":"\n<h2 class=\"wp-block-heading\">Plus de 70 ans d&#8217;histoire&#8230;<\/h2>\n\n\n\n<div class=\"wp-block-media-text alignwide is-stacked-on-mobile\" style=\"grid-template-columns:20% auto\"><figure class=\"wp-block-media-text__media\"><img loading=\"lazy\" decoding=\"async\" width=\"300\" height=\"222\" src=\"http:\/\/petitschanteursfranciliens.fr\/wp-content\/uploads\/2022\/12\/Levallois-1946-1024x759-1-300x222.jpeg\" alt=\"\" class=\"wp-image-45 size-medium\" srcset=\"https:\/\/petitschanteursfranciliens.fr\/wp-content\/uploads\/2022\/12\/Levallois-1946-1024x759-1-300x222.jpeg 300w, https:\/\/petitschanteursfranciliens.fr\/wp-content\/uploads\/2022\/12\/Levallois-1946-1024x759-1-768x569.jpeg 768w, https:\/\/petitschanteursfranciliens.fr\/wp-content\/uploads\/2022\/12\/Levallois-1946-1024x759-1.jpeg 1024w\" sizes=\"auto, (max-width: 300px) 100vw, 300px\" \/><\/figure><div class=\"wp-block-media-text__content\">\n<p><strong>1945 : Fondation \u00e0 Levallois-Perret par l\u2019Abb\u00e9 Jean BERTHAULT<\/strong>, qui dirige les petits chanteurs jusque dans les ann\u00e9es 2000. D\u00e8s l\u2019origine, ils participent, avec les autres man\u00e9canteries filiales des Petits Chanteurs \u00e0 la Croix de Bois, aux premiers congr\u00e8s de la nouvelle F\u00e9d\u00e9ration des Pueri Cantores voulue par l\u2019abb\u00e9 Fernand Maillet. <\/p>\n\n\n\n<ul class=\"wp-block-list\">\n<li>1945 : Colonie pr\u00e8s de Brest<\/li>\n<\/ul>\n<\/div><\/div>\n\n\n\n<div class=\"wp-block-media-text alignwide is-stacked-on-mobile\" style=\"grid-template-columns:20% auto\"><figure class=\"wp-block-media-text__media\"><img loading=\"lazy\" decoding=\"async\" width=\"1024\" height=\"730\" src=\"http:\/\/petitschanteursfranciliens.fr\/wp-content\/uploads\/2022\/12\/PlessisRobinson2-1024x730-1.jpeg\" alt=\"\" class=\"wp-image-46 size-full\" srcset=\"https:\/\/petitschanteursfranciliens.fr\/wp-content\/uploads\/2022\/12\/PlessisRobinson2-1024x730-1.jpeg 1024w, https:\/\/petitschanteursfranciliens.fr\/wp-content\/uploads\/2022\/12\/PlessisRobinson2-1024x730-1-300x214.jpeg 300w, https:\/\/petitschanteursfranciliens.fr\/wp-content\/uploads\/2022\/12\/PlessisRobinson2-1024x730-1-768x548.jpeg 768w\" sizes=\"auto, (max-width: 1024px) 100vw, 1024px\" \/><\/figure><div class=\"wp-block-media-text__content\">\n<p><strong>1947 : Petits Chanteurs du Plessis-Robinson<\/strong>,&nbsp;premi\u00e8re paroisse du P\u00e8re Berthault. Avec les servants, la Ma\u00eetrise a un impact \u00e9ducatif marquant. <\/p>\n\n\n\n<ul class=\"wp-block-list\">\n<li>1947 : Colonie au Ch\u00e2telet (Normandie)<\/li>\n\n\n\n<li>1948 \u00e0 1950 : Colonies \u00e0 Mig\u00e9 (Yonne) 6000 petits chanteurs en congr\u00e8s \u00e0 Paris<\/li>\n\n\n\n<li>1951 : Colonie \u00e0 Neufgrange (Lorraine) 1953 : Tourn\u00e9e dans le centre de la France<\/li>\n\n\n\n<li>1955 : S\u00e9jour \u00e0 Valkenbourg (Hollande)<\/li>\n\n\n\n<li>1956 : Colonie \u00e0 la Chapelle d\u2019Abondance (Savoie)<\/li>\n\n\n\n<li>1958 : 1000 petits chanteurs en congr\u00e8s \u00e0 Paris Camp chantant aux Chavannes (Haute-Savoie) avec la Ma\u00eetrise de Notre-Dame<\/li>\n\n\n\n<li>1960 : Congr\u00e8s International de Rome \u00e0 No\u00ebl<\/li>\n<\/ul>\n<\/div><\/div>\n\n\n\n<div class=\"wp-block-media-text alignwide is-stacked-on-mobile\" style=\"grid-template-columns:20% auto\"><figure class=\"wp-block-media-text__media\"><img loading=\"lazy\" decoding=\"async\" width=\"1024\" height=\"734\" src=\"http:\/\/petitschanteursfranciliens.fr\/wp-content\/uploads\/2022\/12\/Archives-1024x734-1.jpeg\" alt=\"\" class=\"wp-image-47 size-full\" srcset=\"https:\/\/petitschanteursfranciliens.fr\/wp-content\/uploads\/2022\/12\/Archives-1024x734-1.jpeg 1024w, https:\/\/petitschanteursfranciliens.fr\/wp-content\/uploads\/2022\/12\/Archives-1024x734-1-300x215.jpeg 300w, https:\/\/petitschanteursfranciliens.fr\/wp-content\/uploads\/2022\/12\/Archives-1024x734-1-768x551.jpeg 768w\" sizes=\"auto, (max-width: 1024px) 100vw, 1024px\" \/><\/figure><div class=\"wp-block-media-text__content\">\n<p><strong>1961 : La Man\u00e9canterie devient Petits Chanteurs de Saint-Merry<\/strong>, du nom de la paroisse (Paris 4\u00e8me) dont le P\u00e8re Berthault est vicaire. De grands jeux sc\u00e9niques sont mont\u00e9s.<\/p>\n\n\n\n<ul class=\"wp-block-list\">\n<li>1961 : Rassemblement \u00e0 Paris et Congr\u00e8s \u00e0 Lisieux<\/li>\n\n\n\n<li>1963 : Rassemblement r\u00e9gional \u00e0 Meaux<\/li>\n\n\n\n<li>1964 : \u00ab Grandes Heures Liturgiques et Musicales de Saint-Merry \u00bb avec Norbert Dufourq<\/li>\n\n\n\n<li>1965 : Jeu sc\u00e9nique \u00ab Que la lumi\u00e8re soit \u00bb<\/li>\n\n\n\n<li>1966 : Pastorale de No\u00ebl 1967 : D\u00e9placement \u00e0 Dieppe Congr\u00e8s International de Rome \u00e0 No\u00ebl<\/li>\n\n\n\n<li>1968 : Jeu sc\u00e9nique \u00ab Tarcisius \u00bb<\/li>\n\n\n\n<li>1969 : Congr\u00e8s National \u00e0 Paris Voyage \u00e0 Zurich<\/li>\n<\/ul>\n<\/div><\/div>\n\n\n\n<div class=\"wp-block-media-text alignwide is-stacked-on-mobile\" style=\"grid-template-columns:20% auto\"><figure class=\"wp-block-media-text__media\"><img loading=\"lazy\" decoding=\"async\" width=\"750\" height=\"538\" src=\"http:\/\/petitschanteursfranciliens.fr\/wp-content\/uploads\/2022\/12\/Mine-de-sel-Berchtesgaden-1978.jpeg\" alt=\"\" class=\"wp-image-48 size-full\" srcset=\"https:\/\/petitschanteursfranciliens.fr\/wp-content\/uploads\/2022\/12\/Mine-de-sel-Berchtesgaden-1978.jpeg 750w, https:\/\/petitschanteursfranciliens.fr\/wp-content\/uploads\/2022\/12\/Mine-de-sel-Berchtesgaden-1978-300x215.jpeg 300w\" sizes=\"auto, (max-width: 750px) 100vw, 750px\" \/><\/figure><div class=\"wp-block-media-text__content\">\n<p><strong>1970 : Naissance des Petits Chanteurs de Saint-Michel,<\/strong> quand le P\u00e8re Berthault devient aum\u00f4nier de l\u2019\u00e9cole Saint-Michel de Picpus (Paris 12\u00e8me). Le ch\u0153ur atteint quatre-vingt chanteurs gar\u00e7ons, compl\u00e9t\u00e9s d\u2019un ch\u0153ur mixte d\u2019adultes. Camps chantants, congr\u00e8s, concerts, messes et autres activit\u00e9s scolaires se succ\u00e8dent, et les enregistrements sont nombreux.<\/p>\n\n\n\n<div class=\"wp-block-group\"><div class=\"wp-block-group__inner-container is-layout-constrained wp-block-group-is-layout-constrained\">\n<ul class=\"wp-block-list\">\n<li>1971 : Messe \u00e0 la Cath\u00e9drale de Chartres<\/li>\n\n\n\n<li>1972 : Camp chantant en Alsace, avec la Ma\u00eetrise d\u2019Antony<\/li>\n\n\n\n<li>1973 : Camp chantant \u00e0 la Font-Sainte (Cantal)<\/li>\n\n\n\n<li>1974 : Camp chantant \u00e0 Lus-la-Croix-Haute<\/li>\n\n\n\n<li>1975 : Camp chantant au Trabuech (Dauphin\u00e9) Congr\u00e8s International de Rome \u00e0 No\u00ebl <\/li>\n\n\n\n<li>1976 : Congr\u00e8s International \u00e0 Londres et Canterbury<\/li>\n\n\n\n<li>1977 : Rassemblement \u00e0 Bourges Camp chantant au Champel (Haute-Savoie)<\/li>\n\n\n\n<li>1978 : Congr\u00e8s International de Vienne ; \u00e9tapes \u00e0 N\u00fcremberg, Salzbourg et Augsbourg<\/li>\n\n\n\n<li>1979 : Tourn\u00e9e en Normandie<\/li>\n\n\n\n<li>1980 : Camp chantant au Trabuech (Dauphin\u00e9) Congr\u00e8s International de Rome \u00e0 No\u00ebl<\/li>\n\n\n\n<li>1982 : Rassemblement parisien \u00e0 Saint-Roch Camp chantant au Champel<\/li>\n\n\n\n<li>1983 : Semaine Sainte \u00e0 Lourdes<\/li>\n\n\n\n<li>1984 : Camp chantant \u00e0 Sospel (Alpes-Maritimes)<\/li>\n<\/ul>\n<\/div><\/div>\n<\/div><\/div>\n\n\n\n<div class=\"wp-block-media-text alignwide is-stacked-on-mobile\" style=\"grid-template-columns:20% auto\"><figure class=\"wp-block-media-text__media\"><img loading=\"lazy\" decoding=\"async\" width=\"156\" height=\"120\" src=\"http:\/\/petitschanteursfranciliens.fr\/wp-content\/uploads\/2022\/12\/blog5.png\" alt=\"\" class=\"wp-image-49 size-full\"\/><\/figure><div class=\"wp-block-media-text__content\">\n<p><strong>1984 : Petits Chanteurs de l\u2019H\u00f4tel de Mayenne<\/strong>,&nbsp;du nom de la demeure qui abrite l\u2019\u00e9cole des Francs-Bourgeois (Paris 4\u00e8me), dont le P\u00e8re Berthault devient alors aum\u00f4nier.<\/p>\n\n\n\n<ul class=\"wp-block-list\">\n<li>1985 : Camp chantant au Champel (Haute-Savoie) Inauguration du Forum des Halles<\/li>\n\n\n\n<li>1986 : Camp chantant \u00e0 Lourdes et Sarrance<\/li>\n\n\n\n<li>1987 : Camp chantant au Bettex (Savoie)<\/li>\n\n\n\n<li>1988 : Congr\u00e8s International de Rome \u00e0 No\u00ebl<\/li>\n\n\n\n<li>1989 : Camp chantant \u00e0 La Fouly (Suisse)<\/li>\n\n\n\n<li>1990 : Congr\u00e8s International \u00e0 Maastricht ; retour par Amsterdam, Cologne, N\u00fcremberg et s\u00e9jour \u00e0 Sant-Antonien (Suisse)<\/li>\n<\/ul>\n<\/div><\/div>\n\n\n\n<p><strong>1990 : Implant\u00e9e sur la paroisse Notre-Dame des Blancs-Manteaux (Paris 4\u00e8me), la Man\u00e9canterie s\u2019appelle d\u00e9sormais <em>Petits Chanteurs Franciliens<\/em>.<\/strong> Des stages de chant et des retraites pour les plus grands font d\u00e9sormais partie de la formation<\/p>\n\n\n\n<ul class=\"wp-block-list\">\n<li>1991 : Camp chantant \u00e0 Torrelodones (Espagne)<\/li>\n\n\n\n<li>1992 : Camp chantant \u00e0 Lourdes et Sarrance<\/li>\n\n\n\n<li>1993 : Camp chantant aux Longevilles (Jura) Congr\u00e8s International de Rome \u00e0 No\u00ebl<\/li>\n\n\n\n<li>1994 : Camp chantant au Mas d\u2019Orci\u00e8res (Loz\u00e8re)<\/li>\n\n\n\n<li>1995 : Camp chantant \u00e0 la Bresse (Vosges) Retraite \u00e0 La Cotellerie (Mayenne) <\/li>\n\n\n\n<li>1996 : Camp chantant \u00e0 Combloux (Haute-Savoie) Retraite \u00e0 Kergonan (Morbihan)<\/li>\n\n\n\n<li>1997 : Congr\u00e8s National de Lyon Camp chantant \u00e0 Saint-Alban (Hautes-Alpes) Retraite \u00e0 Rimont (Haute-Loire)<\/li>\n\n\n\n<li>1998 : Congr\u00e8s International de Barcelone et camp chantant \u00e0 Luchon (Haute-Garonne) Retraite \u00e0 Saint-Beno\u00eet-sur-Loire<\/li>\n\n\n\n<li>1999 : Camp chantant \u00e0 Ar\u00eaches (Savoie) Retraite \u00e0 La Cotellerie (Mayenne)<\/li>\n\n\n\n<li>2000 : Camp chantant \u00e0 La Fouly (Suisse) Retraite \u00e0 Ourscamp (Oise)<\/li>\n\n\n\n<li>2001 : Semaine Sainte \u00e0 Lourdes Camp chantant \u00e0 Ar\u00eaches (Savoie) Retraite \u00e0 Rimont (Haute-Loire) 2002 : Congr\u00e8s International de Lyon et camp chantant \u00e0 Sereys (Chomelix, Sa\u00f4ne-et-Loire)<\/li>\n\n\n\n<li>2003 : Camp chantant \u00e0 Bellevaux (Haute-Savoie) Stage \u00e0 Bonnelles (Yvelines)<\/li>\n\n\n\n<li>2004 : Stage \u00e0 Notre-Dame de Montligeon (Orne) Congr\u00e8s International de Mayence et Cologne, puis camp chantant \u00e0 Combloux (Haute-Savoie) Stage \u00e0 Avon (Seine-et-Marne)<\/li>\n\n\n\n<li>2005 : Stage \u00e0 Bonnelles (Yvelines) Camp chantant \u00e0 Ar\u00eaches (Savoie) Stage \u00e0 Cerfroid (Aisne) Congr\u00e8s International de Rome \u00e0 No\u00ebl Concerts Vivaldi (Gloria)<\/li>\n\n\n\n<li>2006: Stage \u00e0 Loisy (Oise) Concerts Mozart (Messe des Moineaux et motets) Camp chantant \u00e0 Saint-Jean d&#8217;Arves (Savoie) Stage \u00e0 Cerfroid (Aisne) Audition au Parc des Princes<\/li>\n\n\n\n<li>2007 : Soixanti\u00e8me Anniversaire de la Man\u00e9canterie Concert Faur\u00e9 (Requiem) et Pergol\u00e8se (Stabat Mater) Congr\u00e8s International de Cracovie, puis camp chantant en R\u00e9publique Tch\u00e8que<\/li>\n<\/ul>\n\n\n\n<p>2007: <strong>Les Petits Chanteurs Franciliens deviennent Ma\u00eetrise du <a href=\"http:\/\/www.stanislas.fr\/\">Coll\u00e8ge Stanislas<\/a>&nbsp;<\/strong>(Paris 6\u00e8me) <\/p>\n\n\n\n<ul class=\"wp-block-list\">\n<li>2007: Stage \u00e0 Cerfroid (Aisne) \u00e0 la Toussaint\n<ul class=\"wp-block-list\">\n<li>Concerts de No\u00ebl aux Blancs Manteaux et \u00e0 Stanislas<\/li>\n<\/ul>\n<\/li>\n\n\n\n<li>2008 : Stage des Vacances de P\u00e2ques \u00e0 Loisy (Oise)\n<ul class=\"wp-block-list\">\n<li>Concerts Mozart (Messe du Couronnement, Exultate Jubilate).<\/li>\n\n\n\n<li>Camp chantant aux Contamines (Haute-Savoie)<\/li>\n\n\n\n<li>Congr\u00e8s National \u00e0 Lourdes \u00e0 la Toussaint<\/li>\n\n\n\n<li>Dimanche 30 novembre 2008: <strong>D\u00e9c\u00e8s du P\u00e8re Jean BERTHAULT<\/strong>.<\/li>\n\n\n\n<li>Audition au stade de France (programme Milka R\u00eave de Neige avec le Secours Populaire)<\/li>\n<\/ul>\n<\/li>\n\n\n\n<li>2009: Stage de l&#8217;Ascension \u00e0 Cerfroid (Aisne)\n<ul class=\"wp-block-list\">\n<li>Congr\u00e8s International de Stockholm puis camp chantant en Su\u00e8de.<\/li>\n\n\n\n<li>Concerts Vivaldi (Gloria) et Janequin (La Guerre)<\/li>\n\n\n\n<li>Stage de Toussaint et Concert \u00e0 Avon (Seine-et-Marne)<\/li>\n<\/ul>\n<\/li>\n\n\n\n<li>2010: Concert aux Invalides\n<ul class=\"wp-block-list\">\n<li>Stage de l&#8217;Ascension \u00e0 Montligeon (Orne)<\/li>\n\n\n\n<li>Camp chantant \u00e0 Aragnou\u00ebt (Hautes Pyr\u00e9n\u00e9es) et Lourdes<\/li>\n\n\n\n<li>Stage de Toussaint \u00e0 Loisy (Oise)<\/li>\n\n\n\n<li>Concert de la Sainte C\u00e9cile (novembre) avec&nbsp;Magnificat&nbsp;de Vivaldi et&nbsp;Ode \u00e0 Sainte C\u00e9cile&nbsp;de Ha\u00ebndel<\/li>\n\n\n\n<li>Congr\u00e8s International de Rome \u00e0 No\u00ebl<\/li>\n<\/ul>\n<\/li>\n\n\n\n<li>2011: Stage de l\u2019Ascension au Croisic (Loire-Atlantique)\n<ul class=\"wp-block-list\">\n<li>Concerts Mozart (Requiem)<\/li>\n\n\n\n<li>Camp chantant \u00e0 Bellevaux (Haute-Savoie)<\/li>\n\n\n\n<li>Stage de Toussaint \u00e0 Loisy (Oise)<\/li>\n\n\n\n<li>Concerts Bach (<em>Jesu meine Freude<\/em>, Cantate&nbsp;<em>Christ lag in Todesbanden<\/em>)<\/li>\n\n\n\n<li>Camp chantant \u00e0 Pietralba (Dolomites) et Venise<\/li>\n\n\n\n<li>Stage de Toussaint \u00e0 Belleu (Aisne) et concert \u00e0 la cath\u00e9drale de Soissons<\/li>\n\n\n\n<li><em>Messe de Minuit<\/em>&nbsp;de Charpentier aux concerts de No\u00ebl<\/li>\n<\/ul>\n<\/li>\n\n\n\n<li>2013&nbsp;: Captation pour la TV cor\u00e9enne NHK (Gounod)\n<ul class=\"wp-block-list\">\n<li>Stage de l\u2019Ascension \u00e0 Trie-Ch\u00e2teau (Oise)<\/li>\n\n\n\n<li>Concerts Faur\u00e9 (<em>Requiem<\/em>) et Durufl\u00e9 (Motets)<\/li>\n\n\n\n<li>Camp chantant \u00e0 Sainte-Eulalie (Cantal)<\/li>\n\n\n\n<li>Stage de Toussaint \u00e0 Belleu (Aisne) et concert \u00e0 la cath\u00e9drale de Soissons<\/li>\n<\/ul>\n<\/li>\n\n\n\n<li>2014&nbsp;: Concert Bach (<em>F\u00fcrchte dich nicht<\/em>) et Mozart (<em>Spatzenmesse<\/em>) en f\u00e9vrier\n<ul class=\"wp-block-list\">\n<li>Stage de l\u2019Ascension \u00e0 Montligeon (Orne) et festival d\u2019Auvers-sur-Oise<\/li>\n\n\n\n<li>Congr\u00e8s International de Paris en juillet<\/li>\n\n\n\n<li>Cr\u00e9ation \u00e0 Notre-Dame de la&nbsp;<em>Messe Romane<\/em>&nbsp;(Escaich)<\/li>\n\n\n\n<li>Camp chantant \u00e0 Combloux (Haute-Savoie)<\/li>\n\n\n\n<li>Stage de Toussaint \u00e0 Belleu (Aisne)<\/li>\n\n\n\n<li>Concert inaugural de l\u2019orgue Cavaill\u00e9-Coll de Stanislas en novembre<\/li>\n<\/ul>\n<\/li>\n\n\n\n<li>2015&nbsp;: Enregistrement \u00e0 Notre-Dame de Paris (<em>Pueri Omnes<\/em>&nbsp;de M. Henric)\n<ul class=\"wp-block-list\">\n<li>Stage de l\u2019Ascension \u00e0 Trie-Ch\u00e2teau (Oise)<\/li>\n\n\n\n<li>Concerts Mozart (<em>Requiem<\/em>)<\/li>\n\n\n\n<li>Camp chantant \u00e0 Lucelle (Haut-Rhin)<\/li>\n\n\n\n<li>Rassemblement des ch\u0153urs de gar\u00e7ons \u00e0 Bordeaux \u00e0 la Toussaint<\/li>\n\n\n\n<li>Congr\u00e8s International de Rome \u00e0 No\u00ebl<\/li>\n<\/ul>\n<\/li>\n\n\n\n<li>2016&nbsp;: Concerts Bach (<em>Passion selon saint Jean<\/em>) pour l\u2019\u0152uvre d\u2019Orient\n<ul class=\"wp-block-list\">\n<li>Stage de l\u2019Ascension \u00e0 Trie-Ch\u00e2teau (Oise)<\/li>\n\n\n\n<li>Camp chantant \u00e0 Seytroux (Haute-Savoie)<\/li>\n\n\n\n<li>Stage de la Toussaint \u00e0 Trie-Ch\u00e2teau (Oise)<\/li>\n<\/ul>\n<\/li>\n\n\n\n<li>2017&nbsp;: Soixante-dixi\u00e8me anniversaire de la Man\u00e9canterie en janvier&nbsp;: concert Haendel (<em>Ode for St. Cecilia\u2019s day<\/em>)\n<ul class=\"wp-block-list\">\n<li>Stage de l\u2019Ascension \u00e0 Notre-Dame de L\u2019Ouye (Essonne)<\/li>\n\n\n\n<li>Concert Mozart (<em>Messe du Couronnement<\/em>)<\/li>\n\n\n\n<li>Camp chantant \u00e0 Combloux (Haute-Savoie) et Grand Saint-Bernard (Suisse)<\/li>\n\n\n\n<li>Stage de Toussaint voix d\u2019hommes \u00e0 Notre-Dame de L\u2019Ouye (Essonne)<\/li>\n\n\n\n<li>Concerts de No\u00ebl baroques fran\u00e7ais<\/li>\n<\/ul>\n<\/li>\n\n\n\n<li>2018&nbsp;: Stage de printemps \u00e0 Trie-Ch\u00e2teau (Oise)\n<ul class=\"wp-block-list\">\n<li>Concerts Chanson savante fran\u00e7aise Janequin, Dutilleux, Poulenc (<em>chansons fran\u00e7aises<\/em>)\u2026<\/li>\n\n\n\n<li>Festival national \u00e0 B\u00e9ziers et Congr\u00e8s International de Barcelone en juillet<\/li>\n\n\n\n<li>Stage de Toussaint \u00e0 Trie-Ch\u00e2teau (Oise)<\/li>\n<\/ul>\n<\/li>\n\n\n\n<li>2019 : Stage de printemps \u00e0 Belleu (Aisne)\n<ul class=\"wp-block-list\">\n<li>Concerts Vivaldi<\/li>\n\n\n\n<li>Stage de Toussaint \u00e0 Notre-Dame de l\u2019Ouye (Essonne)<\/li>\n\n\n\n<li>Stage pr\u00e9-man\u00e9canterie \u00e0 Trie-Ch\u00e2teau (Oise)<\/li>\n<\/ul>\n<\/li>\n\n\n\n<li>2020: Camp chantant en juillet \u00e0 Arrens-Marsous (Hautes-Pyr\u00e9n\u00e9es)<\/li>\n<\/ul>\n","protected":false},"excerpt":{"rendered":"<p>Plus de 70 ans d&#8217;histoire&#8230; 1990 : Implant\u00e9e sur la paroisse Notre-Dame des Blancs-Manteaux (Paris 4\u00e8me), la Man\u00e9canterie s\u2019appelle d\u00e9sormais Petits Chanteurs Franciliens. Des stages de chant et des retraites pour les plus grands font d\u00e9sormais partie de la formation 2007: Les Petits Chanteurs Franciliens deviennent Ma\u00eetrise du Coll\u00e8ge Stanislas&nbsp;(Paris 6\u00e8me)<\/p>\n","protected":false},"author":1,"featured_media":0,"parent":0,"menu_order":0,"comment_status":"closed","ping_status":"open","template":"","meta":{"footnotes":""},"class_list":["post-2","page","type-page","status-publish","hentry"],"_links":{"self":[{"href":"https:\/\/petitschanteursfranciliens.fr\/index.php?rest_route=\/wp\/v2\/pages\/2","targetHints":{"allow":["GET"]}}],"collection":[{"href":"https:\/\/petitschanteursfranciliens.fr\/index.php?rest_route=\/wp\/v2\/pages"}],"about":[{"href":"https:\/\/petitschanteursfranciliens.fr\/index.php?rest_route=\/wp\/v2\/types\/page"}],"author":[{"embeddable":true,"href":"https:\/\/petitschanteursfranciliens.fr\/index.php?rest_route=\/wp\/v2\/users\/1"}],"replies":[{"embeddable":true,"href":"https:\/\/petitschanteursfranciliens.fr\/index.php?rest_route=%2Fwp%2Fv2%2Fcomments&post=2"}],"version-history":[{"count":7,"href":"https:\/\/petitschanteursfranciliens.fr\/index.php?rest_route=\/wp\/v2\/pages\/2\/revisions"}],"predecessor-version":[{"id":67,"href":"https:\/\/petitschanteursfranciliens.fr\/index.php?rest_route=\/wp\/v2\/pages\/2\/revisions\/67"}],"wp:attachment":[{"href":"https:\/\/petitschanteursfranciliens.fr\/index.php?rest_route=%2Fwp%2Fv2%2Fmedia&parent=2"}],"curies":[{"name":"wp","href":"https:\/\/api.w.org\/{rel}","templated":true}]}}